{"id":3042,"date":"2023-03-18T07:10:54","date_gmt":"2023-03-18T07:10:54","guid":{"rendered":"https:\/\/www.elysiumvillas.gr\/kontakt\/"},"modified":"2026-01-20T12:30:18","modified_gmt":"2026-01-20T12:30:18","slug":"kontakt","status":"publish","type":"page","link":"https:\/\/www.elysiumvillas.gr\/de\/kontakt\/","title":{"rendered":"Kontakt"},"content":{"rendered":"\t\t<div data-elementor-type=\"wp-page\" data-elementor-id=\"3042\" class=\"elementor elementor-3042 elementor-697\">\n\t\t\t\t\t\t<section class=\"elementor-section elementor-top-section elementor-element elementor-element-ca1656d elementor-section-height-min-height cs-section-content-fullwidth cs-parallax-on-scroll cs_scroll_y_100 elementor-section-boxed elementor-section-height-default elementor-section-items-middle\" data-id=\"ca1656d\" data-element_type=\"section\" data-e-type=\"section\" data-settings=\"{&quot;background_background&quot;:&quot;classic&quot;}\" data-cs-parallax-y=\"100\" style=\"background-image: none;\" data-cs-background-image=\"https:\/\/www.elysiumvillas.gr\/wp-content\/uploads\/2026\/01\/reviews-cover.jpg\" data-cs-background-image-alt-text=\"\">\n\t\t\t\t\t\t\t<div class=\"elementor-background-overlay\"><\/div>\n\t\t\t\t\t\t\t<div class=\"elementor-container elementor-column-gap-no\">\n\t\t\t\t\t<div class=\"elementor-column elementor-col-100 elementor-top-column elementor-element elementor-element-6b2c1df dark-color\" data-id=\"6b2c1df\" data-element_type=\"column\" data-e-type=\"column\">\n\t\t\t<div class=\"elementor-widget-wrap elementor-element-populated\">\n\t\t\t\t\t\t<div class=\"elementor-element elementor-element-ed3f97e elementor-widget elementor-widget-cs_title\" data-id=\"ed3f97e\" data-element_type=\"widget\" data-e-type=\"widget\" data-widget_type=\"cs_title.default\">\n\t\t\t\t<div class=\"elementor-widget-container\">\n\t\t\t\t\t\n        <div class=\"cs-title-wrap text-center\">\t            <div class=\"cs-subtitle-wrap\"><span class=\"cs-subtitle color-white\">Mit uns verbinden<\/span><\/div>\t            <h1 class=\"cs-title\">\n\t                Kontaktieren Sie uns\t            <\/h1>\t            <div class=\"cs-title-text\">\n\t                <p>F\u00fcr Buchungen und Anfragen f\u00fcllen Sie bitte das folgende Anfrageformular aus.<\/p>\t            <\/div>        <\/div>\t\t\t\t<\/div>\n\t\t\t\t<\/div>\n\t\t\t\t\t<\/div>\n\t\t<\/div>\n\t\t\t\t\t<\/div>\n\t\t<\/section>\n\t\t\t\t<section class=\"elementor-section elementor-top-section elementor-element elementor-element-ac9ba41 elementor-section-full_width elementor-section-content-middle elementor-section-height-default elementor-section-height-default\" data-id=\"ac9ba41\" data-element_type=\"section\" data-e-type=\"section\">\n\t\t\t\t\t\t<div class=\"elementor-container elementor-column-gap-no\">\n\t\t\t\t\t<div class=\"elementor-column elementor-col-50 elementor-top-column elementor-element elementor-element-a9f3bc2\" data-id=\"a9f3bc2\" data-element_type=\"column\" data-e-type=\"column\">\n\t\t\t<div class=\"elementor-widget-wrap elementor-element-populated\">\n\t\t\t\t\t\t<div class=\"elementor-element elementor-element-d6a0979 elementor-widget elementor-widget-cs_title\" data-id=\"d6a0979\" data-element_type=\"widget\" data-e-type=\"widget\" data-widget_type=\"cs_title.default\">\n\t\t\t\t<div class=\"elementor-widget-container\">\n\t\t\t\t\t\n        <div class=\"cs-title-wrap\">\t            <div class=\"cs-subtitle-wrap\"><span class=\"cs-subtitle\">Kontaktinformationen<\/span><\/div>\t            <h5 class=\"cs-title\">\n\t                Elysium Villen\t            <\/h5>\t            <div class=\"cs-title-text\">\n\t                <p>Sarti, Chalkidiki<br>Postleitzahl 63072<br>Griechenland<br><br><strong>E-Mail:<\/strong> info@elysiumvillas.gr<\/p>\t            <\/div>        <\/div>\t\t\t\t<\/div>\n\t\t\t\t<\/div>\n\t\t\t\t<div class=\"elementor-element elementor-element-27ae3a6 elementor-widget-divider--view-line elementor-widget elementor-widget-divider\" data-id=\"27ae3a6\" data-element_type=\"widget\" data-e-type=\"widget\" data-widget_type=\"divider.default\">\n\t\t\t\t\t\t\t<div class=\"elementor-divider\">\n\t\t\t<span class=\"elementor-divider-separator\">\n\t\t\t\t\t\t<\/span>\n\t\t<\/div>\n\t\t\t\t\t\t<\/div>\n\t\t\t\t<section class=\"elementor-section elementor-inner-section elementor-element elementor-element-06aaef6 elementor-section-boxed elementor-section-height-default elementor-section-height-default\" data-id=\"06aaef6\" data-element_type=\"section\" data-e-type=\"section\">\n\t\t\t\t\t\t<div class=\"elementor-container elementor-column-gap-no\">\n\t\t\t\t\t<div class=\"elementor-column elementor-col-50 elementor-inner-column elementor-element elementor-element-c6d447a\" data-id=\"c6d447a\" data-element_type=\"column\" data-e-type=\"column\">\n\t\t\t<div class=\"elementor-widget-wrap elementor-element-populated\">\n\t\t\t\t\t\t<div class=\"elementor-element elementor-element-a679ad2 elementor-widget elementor-widget-cs_title\" data-id=\"a679ad2\" data-element_type=\"widget\" data-e-type=\"widget\" data-widget_type=\"cs_title.default\">\n\t\t\t\t<div class=\"elementor-widget-container\">\n\t\t\t\t\t\n        <div class=\"cs-title-wrap\">\t            <h6 class=\"cs-title\">\n\t                Villas Bellevue\t            <\/h6>\t            <div class=\"cs-title-text\">\n\t                <p><a href=\"https:\/\/www.google.com\/maps\/place\/Elysium+Villas\/@40.1003388,23.9685143,2764m\/data=!3m1!1e3!4m6!3m5!1s0x14a8afd0823eb455:0x9dc4e4e65e15c73a!8m2!3d40.1003388!4d23.9685143!16s%2Fg%2F11sw3m2ly5?entry=tts&amp;shorturl=1\" target=\"_blank\" rel=\"noopener\">Standort in <strong>Google Maps<\/strong><\/a><br><br><\/p>\t            <\/div>        <\/div>\t\t\t\t<\/div>\n\t\t\t\t<\/div>\n\t\t\t\t\t<\/div>\n\t\t<\/div>\n\t\t\t\t<div class=\"elementor-column elementor-col-50 elementor-inner-column elementor-element elementor-element-2c337b6\" data-id=\"2c337b6\" data-element_type=\"column\" data-e-type=\"column\">\n\t\t\t<div class=\"elementor-widget-wrap elementor-element-populated\">\n\t\t\t\t\t\t<div class=\"elementor-element elementor-element-4703206 elementor-widget elementor-widget-cs_title\" data-id=\"4703206\" data-element_type=\"widget\" data-e-type=\"widget\" data-widget_type=\"cs_title.default\">\n\t\t\t\t<div class=\"elementor-widget-container\">\n\t\t\t\t\t\n        <div class=\"cs-title-wrap\">\t            <h6 class=\"cs-title\">\n\t                Villen-Quartett\t            <\/h6>\t            <div class=\"cs-title-text\">\n\t                <p><a href=\"https:\/\/www.google.com\/maps?q=40.0867297,23.9676256&amp;hl=de-GR&amp;gl=gr&amp;entry=gps&amp;lucs=s2se&amp;g_ep=CAISBjUuODguMhgAQgJVUw%3D%3D&amp;shorturl=1\" target=\"_blank\" rel=\"noopener\">Standort in <strong>Google Maps<\/strong><\/a><\/p>\t            <\/div>        <\/div>\t\t\t\t<\/div>\n\t\t\t\t<\/div>\n\t\t\t\t\t<\/div>\n\t\t<\/div>\n\t\t\t\t\t<\/div>\n\t\t<\/section>\n\t\t\t\t\t<\/div>\n\t\t<\/div>\n\t\t\t\t<div class=\"elementor-column elementor-col-50 elementor-top-column elementor-element elementor-element-a630739\" data-id=\"a630739\" data-element_type=\"column\" data-e-type=\"column\" data-settings=\"{&quot;background_background&quot;:&quot;classic&quot;}\">\n\t\t\t<div class=\"elementor-widget-wrap elementor-element-populated\">\n\t\t\t\t\t\t<section class=\"elementor-section elementor-inner-section elementor-element elementor-element-1165b93 elementor-section-boxed elementor-section-height-default elementor-section-height-default\" data-id=\"1165b93\" data-element_type=\"section\" data-e-type=\"section\" data-settings=\"{&quot;background_background&quot;:&quot;classic&quot;}\">\n\t\t\t\t\t\t<div class=\"elementor-container elementor-column-gap-no\">\n\t\t\t\t\t<div class=\"elementor-column elementor-col-100 elementor-inner-column elementor-element elementor-element-c8421f3\" data-id=\"c8421f3\" data-element_type=\"column\" data-e-type=\"column\">\n\t\t\t<div class=\"elementor-widget-wrap elementor-element-populated\">\n\t\t\t\t\t\t<div class=\"elementor-element elementor-element-ee636a2 elementor-widget elementor-widget-cs_title\" data-id=\"ee636a2\" data-element_type=\"widget\" data-e-type=\"widget\" data-widget_type=\"cs_title.default\">\n\t\t\t\t<div class=\"elementor-widget-container\">\n\t\t\t\t\t\n        <div class=\"cs-title-wrap text-center\">\t            <div class=\"cs-subtitle-wrap\"><span class=\"cs-subtitle\">Kontakt-Formular<\/span><\/div>\t            <h5 class=\"cs-title\">\n\t                Anfrage-Formular\t            <\/h5>        <\/div>\t\t\t\t<\/div>\n\t\t\t\t<\/div>\n\t\t\t\t<div class=\"elementor-element elementor-element-d1eca60 elementor-widget elementor-widget-cs_form_cf7\" data-id=\"d1eca60\" data-element_type=\"widget\" data-e-type=\"widget\" data-widget_type=\"cs_form_cf7.default\">\n\t\t\t\t<div class=\"elementor-widget-container\">\n\t\t\t\t\t            <div class=\"cs-form-cf7 placeholder-normal\">\n                <div class=\"cs-form-cf7-wrap\">\n<div class=\"wpcf7 no-js\" id=\"wpcf7-f3079-o1\" lang=\"en-US\" dir=\"ltr\" data-wpcf7-id=\"3079\">\n<div class=\"screen-reader-response\"><p role=\"status\" aria-live=\"polite\" aria-atomic=\"true\"><\/p> <ul><\/ul><\/div>\n<form action=\"\/de\/wp-json\/wp\/v2\/pages\/3042#wpcf7-f3079-o1\" method=\"post\" class=\"wpcf7-form init\" aria-label=\"Contact form\" novalidate=\"novalidate\" data-status=\"init\">\n<fieldset class=\"hidden-fields-container\"><input type=\"hidden\" name=\"_wpcf7\" value=\"3079\" \/><input type=\"hidden\" name=\"_wpcf7_version\" value=\"6.1.4\" \/><input type=\"hidden\" name=\"_wpcf7_locale\" value=\"en_US\" \/><input type=\"hidden\" name=\"_wpcf7_unit_tag\" value=\"wpcf7-f3079-o1\" \/><input type=\"hidden\" name=\"_wpcf7_container_post\" value=\"0\" \/><input type=\"hidden\" name=\"_wpcf7_posted_data_hash\" value=\"\" \/><input type=\"hidden\" name=\"_wpcf7_recaptcha_response\" value=\"\" \/>\n<\/fieldset>\n<p><label> Vollst\u00e4ndiger Name<br \/>\n<span class=\"wpcf7-form-control-wrap\" data-name=\"your-name\"><input size=\"40\" maxlength=\"400\" class=\"wpcf7-form-control wpcf7-text wpcf7-validates-as-required\" autocomplete=\"name\" aria-required=\"true\" aria-invalid=\"false\" value=\"\" type=\"text\" name=\"your-name\" \/><\/span> <\/label>\n<\/p>\n<p><label> E-Mail-Adresse<br \/>\n<span class=\"wpcf7-form-control-wrap\" data-name=\"your-email\"><input size=\"40\" maxlength=\"400\" class=\"wpcf7-form-control wpcf7-email wpcf7-validates-as-required wpcf7-text wpcf7-validates-as-email\" autocomplete=\"email\" aria-required=\"true\" aria-invalid=\"false\" value=\"\" type=\"email\" name=\"your-email\" \/><\/span> <\/label>\n<\/p>\n<p><label> Telefon<br \/>\n<span class=\"wpcf7-form-control-wrap\" data-name=\"your-tel\"><input size=\"40\" maxlength=\"15\" class=\"wpcf7-form-control wpcf7-tel wpcf7-validates-as-required wpcf7-text wpcf7-validates-as-tel\" aria-required=\"true\" aria-invalid=\"false\" placeholder=\"+440004432\" value=\"\" type=\"tel\" name=\"your-tel\" \/><\/span> <\/label>\n<\/p>\n<p><label> Welche Villa interessiert Sie?<br \/>\n<span class=\"wpcf7-form-control-wrap\" data-name=\"your-villa\"><select class=\"wpcf7-form-control wpcf7-select wpcf7-validates-as-required\" aria-required=\"true\" aria-invalid=\"false\" name=\"your-villa\"><option value=\"\">Villa Bellevue<\/option><option value=\"Villa Quartet\">Villa Quartet<\/option><\/select><\/span> <\/label>\n<\/p>\n<p><label> Check-in<br \/>\n<span class=\"wpcf7-form-control-wrap\" data-name=\"your-checkin\"><input class=\"wpcf7-form-control wpcf7-date wpcf7-validates-as-required wpcf7-validates-as-date\" aria-required=\"true\" aria-invalid=\"false\" value=\"\" type=\"date\" name=\"your-checkin\" \/><\/span><br \/>\n<\/label>\n<\/p>\n<p><label> Check-out<br \/>\n<span class=\"wpcf7-form-control-wrap\" data-name=\"your-checkout\"><input class=\"wpcf7-form-control wpcf7-date wpcf7-validates-as-required wpcf7-validates-as-date\" aria-required=\"true\" aria-invalid=\"false\" value=\"\" type=\"date\" name=\"your-checkout\" \/><\/span><br \/>\n<\/label>\n<\/p>\n<p><label> Gesamtanzahl der G\u00e4ste<br \/>\n<span class=\"wpcf7-form-control-wrap\" data-name=\"your-guests\"><select class=\"wpcf7-form-control wpcf7-select\" aria-invalid=\"false\" name=\"your-guests\"><option value=\"1\">1<\/option><option value=\"2\">2<\/option><option value=\"3\">3<\/option><option value=\"4\">4<\/option><option value=\"5\">5<\/option><option value=\"6\">6<\/option><option value=\"7\">7<\/option><option value=\"8\">8<\/option><option value=\"9\">9<\/option><option value=\"10\">10<\/option><option value=\"11\">11<\/option><option value=\"12\">12<\/option><option value=\"13\">13<\/option><option value=\"14\">14<\/option><option value=\"15\">15<\/option><option value=\"16\">16<\/option><option value=\"17\">17<\/option><option value=\"18\">18<\/option><option value=\"19\">19<\/option><option value=\"20\">20<\/option><option value=\"21\">21<\/option><option value=\"22\">22<\/option><option value=\"23\">23<\/option><option value=\"24\">24<\/option><\/select><\/span> <\/label>\n<\/p>\n<p><label><br \/>\n<span class=\"wpcf7-form-control-wrap\" data-name=\"your-message\"><textarea cols=\"40\" rows=\"10\" maxlength=\"300\" class=\"wpcf7-form-control wpcf7-textarea\" aria-invalid=\"false\" placeholder=\"Geben Sie einige Sonderw\u00fcnsche an. Zum Beispiel: Ich ben\u00f6tige einen sp\u00e4ten Check-out.\" name=\"your-message\"><\/textarea><\/span><br \/>\n<\/label><br \/>\n<input class=\"wpcf7-form-control wpcf7-submit has-spinner\" type=\"submit\" value=\"Kontakt\" \/>\n<\/p><div class=\"wpcf7-response-output\" aria-hidden=\"true\"><\/div>\n<\/form>\n<\/div>\n<\/div>\n            <\/div>\t\t\t\t<\/div>\n\t\t\t\t<\/div>\n\t\t\t\t\t<\/div>\n\t\t<\/div>\n\t\t\t\t\t<\/div>\n\t\t<\/section>\n\t\t\t\t\t<\/div>\n\t\t<\/div>\n\t\t\t\t\t<\/div>\n\t\t<\/section>\n\t\t\t\t<\/div>\n\t\t","protected":false},"excerpt":{"rendered":"<p>Mit uns verbinden Kontaktieren Sie uns F\u00fcr Buchungen und Anfragen f\u00fcllen Sie bitte das folgende Anfrageformular aus. Kontaktinformationen Elysium Villen Sarti, ChalkidikiPostleitzahl 63072Griechenland E-Mail: info@elysiumvillas.gr Villas Bellevue Standort in Google Maps Villen-Quartett Standort in Google Maps Kontakt-Formular Anfrage-Formular Vollst\u00e4ndiger Name E-Mail-Adresse Telefon Welche Villa interessiert Sie? Villa BellevueVilla Quartet Check-in Check-out Gesamtanzahl der G\u00e4ste 12345678 &#8230;<\/p>\n","protected":false},"author":1,"featured_media":0,"parent":0,"menu_order":0,"comment_status":"closed","ping_status":"closed","template":"template-wide-content.php","meta":{"ngg_post_thumbnail":0,"cozystay_single_page_hide_site_header":"","cozystay_single_page_site_header_source":"","cozystay_single_page_custom_site_header":"","cozystay_single_page_custom_sticky_site_header":"","cozystay_single_page_hide_page_title":"on","cozystay_single_page_header_section_size":"","cozystay_single_page_header_background_color":"","cozystay_single_page_header_background_position_x":"center","cozystay_single_page_header_background_position_y":"center","cozystay_single_page_header_background_size":"cover","cozystay_single_page_header_background_repeat":"off","cozystay_single_page_header_background_scroll":"on","cozystay_single_page_header_text_color":"","cozystay_single_page_header_show_breadcrumb":"","cozystay_single_page_site_footer_hide_main":"","cozystay_single_custom_site_footer_main_source":"","cozystay_single_custom_site_footer_main":"","cozystay_single_page_site_footer_hide_above":"","cozystay_single_custom_site_footer_above_source":"","cozystay_single_custom_site_footer_above":"","cozystay_single_page_site_footer_hide_instagram":"","cozystay_single_page_site_footer_hide_bottom":"","cozystay_single_custom_mobile_menu_source":"","cozystay_single_custom_mobile_menu":"","cozystay_single_custom_mobile_menu_animation":"","cozystay_single_custom_mobile_menu_width":"","cozystay_single_custom_mobile_menu_custom_width":375,"footnotes":""},"class_list":["post-3042","page","type-page","status-publish","hentry"],"yoast_head":"<!-- This site is optimized with the Yoast SEO plugin v27.4 - https:\/\/yoast.com\/product\/yoast-seo-wordpress\/ -->\n<title>Kontakt - Elysium Villas<\/title>\n<meta name=\"robots\" content=\"index, follow, max-snippet:-1, max-image-preview:large, max-video-preview:-1\" \/>\n<link rel=\"canonical\" href=\"https:\/\/www.elysiumvillas.gr\/de\/kontakt\/\" \/>\n<meta property=\"og:locale\" content=\"de_DE\" \/>\n<meta property=\"og:type\" content=\"article\" \/>\n<meta property=\"og:title\" content=\"Kontakt - Elysium Villas\" \/>\n<meta property=\"og:description\" content=\"Mit uns verbinden Kontaktieren Sie uns F\u00fcr Buchungen und Anfragen f\u00fcllen Sie bitte das folgende Anfrageformular aus. Kontaktinformationen Elysium Villen Sarti, ChalkidikiPostleitzahl 63072Griechenland E-Mail: info@elysiumvillas.gr Villas Bellevue Standort in Google Maps Villen-Quartett Standort in Google Maps Kontakt-Formular Anfrage-Formular Vollst\u00e4ndiger Name E-Mail-Adresse Telefon Welche Villa interessiert Sie? Villa BellevueVilla Quartet Check-in Check-out Gesamtanzahl der G\u00e4ste 12345678 ...\" \/>\n<meta property=\"og:url\" content=\"https:\/\/www.elysiumvillas.gr\/de\/kontakt\/\" \/>\n<meta property=\"og:site_name\" content=\"Elysium Villas\" \/>\n<meta property=\"article:modified_time\" content=\"2026-01-20T12:30:18+00:00\" \/>\n<meta name=\"twitter:card\" content=\"summary_large_image\" \/>\n<meta name=\"twitter:label1\" content=\"Gesch\u00e4tzte Lesezeit\" \/>\n\t<meta name=\"twitter:data1\" content=\"1\u00a0Minute\" \/>\n<script type=\"application\/ld+json\" class=\"yoast-schema-graph\">{\"@context\":\"https:\\\/\\\/schema.org\",\"@graph\":[{\"@type\":\"WebPage\",\"@id\":\"https:\\\/\\\/www.elysiumvillas.gr\\\/de\\\/kontakt\\\/\",\"url\":\"https:\\\/\\\/www.elysiumvillas.gr\\\/de\\\/kontakt\\\/\",\"name\":\"Kontakt - Elysium Villas\",\"isPartOf\":{\"@id\":\"https:\\\/\\\/www.elysiumvillas.gr\\\/de\\\/#website\"},\"datePublished\":\"2023-03-18T07:10:54+00:00\",\"dateModified\":\"2026-01-20T12:30:18+00:00\",\"breadcrumb\":{\"@id\":\"https:\\\/\\\/www.elysiumvillas.gr\\\/de\\\/kontakt\\\/#breadcrumb\"},\"inLanguage\":\"de\",\"potentialAction\":[{\"@type\":\"ReadAction\",\"target\":[\"https:\\\/\\\/www.elysiumvillas.gr\\\/de\\\/kontakt\\\/\"]}]},{\"@type\":\"BreadcrumbList\",\"@id\":\"https:\\\/\\\/www.elysiumvillas.gr\\\/de\\\/kontakt\\\/#breadcrumb\",\"itemListElement\":[{\"@type\":\"ListItem\",\"position\":1,\"name\":\"Home\",\"item\":\"https:\\\/\\\/www.elysiumvillas.gr\\\/de\\\/\"},{\"@type\":\"ListItem\",\"position\":2,\"name\":\"Kontakt\"}]},{\"@type\":\"WebSite\",\"@id\":\"https:\\\/\\\/www.elysiumvillas.gr\\\/de\\\/#website\",\"url\":\"https:\\\/\\\/www.elysiumvillas.gr\\\/de\\\/\",\"name\":\"Villa White Pearl\",\"description\":\"\",\"publisher\":{\"@id\":\"https:\\\/\\\/www.elysiumvillas.gr\\\/de\\\/#organization\"},\"potentialAction\":[{\"@type\":\"SearchAction\",\"target\":{\"@type\":\"EntryPoint\",\"urlTemplate\":\"https:\\\/\\\/www.elysiumvillas.gr\\\/de\\\/?s={search_term_string}\"},\"query-input\":{\"@type\":\"PropertyValueSpecification\",\"valueRequired\":true,\"valueName\":\"search_term_string\"}}],\"inLanguage\":\"de\"},{\"@type\":\"Organization\",\"@id\":\"https:\\\/\\\/www.elysiumvillas.gr\\\/de\\\/#organization\",\"name\":\"Villa White Pearl\",\"url\":\"https:\\\/\\\/www.elysiumvillas.gr\\\/de\\\/\",\"logo\":{\"@type\":\"ImageObject\",\"inLanguage\":\"de\",\"@id\":\"https:\\\/\\\/www.elysiumvillas.gr\\\/de\\\/#\\\/schema\\\/logo\\\/image\\\/\",\"url\":\"https:\\\/\\\/www.elysiumvillas.gr\\\/wp-content\\\/uploads\\\/2025\\\/12\\\/cropped-logo-scaled-1.png\",\"contentUrl\":\"https:\\\/\\\/www.elysiumvillas.gr\\\/wp-content\\\/uploads\\\/2025\\\/12\\\/cropped-logo-scaled-1.png\",\"width\":2560,\"height\":493,\"caption\":\"Villa White Pearl\"},\"image\":{\"@id\":\"https:\\\/\\\/www.elysiumvillas.gr\\\/de\\\/#\\\/schema\\\/logo\\\/image\\\/\"}}]}<\/script>\n<!-- \/ Yoast SEO plugin. -->","yoast_head_json":{"title":"Kontakt - Elysium Villas","robots":{"index":"index","follow":"follow","max-snippet":"max-snippet:-1","max-image-preview":"max-image-preview:large","max-video-preview":"max-video-preview:-1"},"canonical":"https:\/\/www.elysiumvillas.gr\/de\/kontakt\/","og_locale":"de_DE","og_type":"article","og_title":"Kontakt - Elysium Villas","og_description":"Mit uns verbinden Kontaktieren Sie uns F\u00fcr Buchungen und Anfragen f\u00fcllen Sie bitte das folgende Anfrageformular aus. Kontaktinformationen Elysium Villen Sarti, ChalkidikiPostleitzahl 63072Griechenland E-Mail: info@elysiumvillas.gr Villas Bellevue Standort in Google Maps Villen-Quartett Standort in Google Maps Kontakt-Formular Anfrage-Formular Vollst\u00e4ndiger Name E-Mail-Adresse Telefon Welche Villa interessiert Sie? Villa BellevueVilla Quartet Check-in Check-out Gesamtanzahl der G\u00e4ste 12345678 ...","og_url":"https:\/\/www.elysiumvillas.gr\/de\/kontakt\/","og_site_name":"Elysium Villas","article_modified_time":"2026-01-20T12:30:18+00:00","twitter_card":"summary_large_image","twitter_misc":{"Gesch\u00e4tzte Lesezeit":"1\u00a0Minute"},"schema":{"@context":"https:\/\/schema.org","@graph":[{"@type":"WebPage","@id":"https:\/\/www.elysiumvillas.gr\/de\/kontakt\/","url":"https:\/\/www.elysiumvillas.gr\/de\/kontakt\/","name":"Kontakt - Elysium Villas","isPartOf":{"@id":"https:\/\/www.elysiumvillas.gr\/de\/#website"},"datePublished":"2023-03-18T07:10:54+00:00","dateModified":"2026-01-20T12:30:18+00:00","breadcrumb":{"@id":"https:\/\/www.elysiumvillas.gr\/de\/kontakt\/#breadcrumb"},"inLanguage":"de","potentialAction":[{"@type":"ReadAction","target":["https:\/\/www.elysiumvillas.gr\/de\/kontakt\/"]}]},{"@type":"BreadcrumbList","@id":"https:\/\/www.elysiumvillas.gr\/de\/kontakt\/#breadcrumb","itemListElement":[{"@type":"ListItem","position":1,"name":"Home","item":"https:\/\/www.elysiumvillas.gr\/de\/"},{"@type":"ListItem","position":2,"name":"Kontakt"}]},{"@type":"WebSite","@id":"https:\/\/www.elysiumvillas.gr\/de\/#website","url":"https:\/\/www.elysiumvillas.gr\/de\/","name":"Villa White Pearl","description":"","publisher":{"@id":"https:\/\/www.elysiumvillas.gr\/de\/#organization"},"potentialAction":[{"@type":"SearchAction","target":{"@type":"EntryPoint","urlTemplate":"https:\/\/www.elysiumvillas.gr\/de\/?s={search_term_string}"},"query-input":{"@type":"PropertyValueSpecification","valueRequired":true,"valueName":"search_term_string"}}],"inLanguage":"de"},{"@type":"Organization","@id":"https:\/\/www.elysiumvillas.gr\/de\/#organization","name":"Villa White Pearl","url":"https:\/\/www.elysiumvillas.gr\/de\/","logo":{"@type":"ImageObject","inLanguage":"de","@id":"https:\/\/www.elysiumvillas.gr\/de\/#\/schema\/logo\/image\/","url":"https:\/\/www.elysiumvillas.gr\/wp-content\/uploads\/2025\/12\/cropped-logo-scaled-1.png","contentUrl":"https:\/\/www.elysiumvillas.gr\/wp-content\/uploads\/2025\/12\/cropped-logo-scaled-1.png","width":2560,"height":493,"caption":"Villa White Pearl"},"image":{"@id":"https:\/\/www.elysiumvillas.gr\/de\/#\/schema\/logo\/image\/"}}]}},"_links":{"self":[{"href":"https:\/\/www.elysiumvillas.gr\/de\/wp-json\/wp\/v2\/pages\/3042","targetHints":{"allow":["GET"]}}],"collection":[{"href":"https:\/\/www.elysiumvillas.gr\/de\/wp-json\/wp\/v2\/pages"}],"about":[{"href":"https:\/\/www.elysiumvillas.gr\/de\/wp-json\/wp\/v2\/types\/page"}],"author":[{"embeddable":true,"href":"https:\/\/www.elysiumvillas.gr\/de\/wp-json\/wp\/v2\/users\/1"}],"replies":[{"embeddable":true,"href":"https:\/\/www.elysiumvillas.gr\/de\/wp-json\/wp\/v2\/comments?post=3042"}],"version-history":[{"count":6,"href":"https:\/\/www.elysiumvillas.gr\/de\/wp-json\/wp\/v2\/pages\/3042\/revisions"}],"predecessor-version":[{"id":3294,"href":"https:\/\/www.elysiumvillas.gr\/de\/wp-json\/wp\/v2\/pages\/3042\/revisions\/3294"}],"wp:attachment":[{"href":"https:\/\/www.elysiumvillas.gr\/de\/wp-json\/wp\/v2\/media?parent=3042"}],"curies":[{"name":"wp","href":"https:\/\/api.w.org\/{rel}","templated":true}]}}