{"id":3087,"date":"2023-03-14T14:27:26","date_gmt":"2023-03-14T14:27:26","guid":{"rendered":"https:\/\/www.elysiumvillas.gr\/amenities\/"},"modified":"2026-01-19T21:19:21","modified_gmt":"2026-01-19T21:19:21","slug":"amenities","status":"publish","type":"page","link":"https:\/\/www.elysiumvillas.gr\/de\/amenities\/","title":{"rendered":"Amenities"},"content":{"rendered":"\t\t<div data-elementor-type=\"wp-page\" data-elementor-id=\"3087\" class=\"elementor elementor-3087 elementor-317\">\n\t\t\t\t\t\t<section class=\"elementor-section elementor-top-section elementor-element elementor-element-a97905d elementor-section-height-min-height cs-section-content-fullwidth cs-parallax-on-scroll cs_scroll_y_100 elementor-section-boxed elementor-section-height-default elementor-section-items-middle\" data-id=\"a97905d\" data-element_type=\"section\" data-e-type=\"section\" data-settings=\"{&quot;background_background&quot;:&quot;classic&quot;}\" data-cs-parallax-y=\"100\" style=\"background-image: none;\" data-cs-background-image=\"https:\/\/www.elysiumvillas.gr\/wp-content\/uploads\/2026\/01\/amenities.jpg\" data-cs-background-image-alt-text=\"\">\n\t\t\t\t\t\t\t<div class=\"elementor-background-overlay\"><\/div>\n\t\t\t\t\t\t\t<div class=\"elementor-container elementor-column-gap-no\">\n\t\t\t\t\t<div class=\"elementor-column elementor-col-100 elementor-top-column elementor-element elementor-element-de70886 dark-color\" data-id=\"de70886\" data-element_type=\"column\" data-e-type=\"column\" data-settings=\"{&quot;background_background&quot;:&quot;classic&quot;}\">\n\t\t\t<div class=\"elementor-widget-wrap elementor-element-populated\">\n\t\t\t\t\t\t<div class=\"elementor-element elementor-element-3eab04e elementor-widget elementor-widget-cs_title\" data-id=\"3eab04e\" data-element_type=\"widget\" data-e-type=\"widget\" data-widget_type=\"cs_title.default\">\n\t\t\t\t<div class=\"elementor-widget-container\">\n\t\t\t\t\t\n        <div class=\"cs-title-wrap text-center\">\t            <div class=\"cs-subtitle-wrap\"><span class=\"cs-subtitle color-white\">Willkommen bei der <\/span><\/div>\t            <h1 class=\"cs-title\">\n\t                Elysium Villas Hospitality!\t            <\/h1>\t            <div class=\"cs-title-text\">\n\t                <p>Beginnen Sie Ihren komfortablen Aufenthalt<\/p>\t            <\/div>        <\/div>\t\t\t\t<\/div>\n\t\t\t\t<\/div>\n\t\t\t\t\t<\/div>\n\t\t<\/div>\n\t\t\t\t\t<\/div>\n\t\t<\/section>\n\t\t\t\t<section class=\"elementor-section elementor-top-section elementor-element elementor-element-3f60bf9b cs-section-content-fullwidth elementor-section-boxed elementor-section-height-default elementor-section-height-default\" data-id=\"3f60bf9b\" data-element_type=\"section\" data-e-type=\"section\" data-settings=\"{&quot;background_background&quot;:&quot;classic&quot;}\">\n\t\t\t\t\t\t<div class=\"elementor-container elementor-column-gap-no\">\n\t\t\t\t\t<div class=\"elementor-column elementor-col-100 elementor-top-column elementor-element elementor-element-680e38c8\" data-id=\"680e38c8\" data-element_type=\"column\" data-e-type=\"column\">\n\t\t\t<div class=\"elementor-widget-wrap elementor-element-populated\">\n\t\t\t\t\t\t<div class=\"elementor-element elementor-element-28867d45 elementor-widget elementor-widget-cs_title\" data-id=\"28867d45\" data-element_type=\"widget\" data-e-type=\"widget\" data-widget_type=\"cs_title.default\">\n\t\t\t\t<div class=\"elementor-widget-container\">\n\t\t\t\t\t\n        <div class=\"cs-title-wrap text-center\">\t            <h3 class=\"cs-title\">\n\t                Wellness At Elysium Villas\t            <\/h3>\t            <div class=\"cs-title-text\">\n\t                <p>Unser Ziel ist es, Ihren Aufenthalt besonders und unvergesslich zu machen. Wir sind stolz darauf, hochwertige Unterk\u00fcnfte anzubieten und daf\u00fcr zu sorgen, dass sich unsere G\u00e4ste rundum wohlf\u00fchlen. Unser Anspruch geht \u00fcber das Erf\u00fcllen von Erwartungen hinaus \u2013 wir m\u00f6chten wunderbare Erinnerungen schaffen, die Sie f\u00fcr immer begleiten.<\/p>\t            <\/div>        <\/div>\t\t\t\t<\/div>\n\t\t\t\t<\/div>\n\t\t\t\t\t<\/div>\n\t\t<\/div>\n\t\t\t\t\t<\/div>\n\t\t<\/section>\n\t\t<div class=\"elementor-element elementor-element-cdfb11d e-flex e-con-boxed e-con e-parent\" data-id=\"cdfb11d\" data-element_type=\"container\" data-e-type=\"container\">\n\t\t\t\t\t<div class=\"e-con-inner\">\n\t\t<div class=\"elementor-element elementor-element-cd86574 e-con-full e-flex e-con e-child\" data-id=\"cd86574\" data-element_type=\"container\" data-e-type=\"container\">\n\t\t\t\t<div class=\"elementor-element elementor-element-4aec686 elementor-widget elementor-widget-text-editor\" data-id=\"4aec686\" data-element_type=\"widget\" data-e-type=\"widget\" data-widget_type=\"text-editor.default\">\n\t\t\t\t\t\t\t\t\t<p><strong>K\u00fcche<\/strong><\/p><p>Kinderhochstuhl auf Anfrage<br \/>Esstisch<br \/>Nespresso-Maschine<br \/>Kostenlose Nespresso-Kapseln<br \/>Reinigungsmittel<br \/>Toaster<br \/>Kochfeld<br \/>Entsafter<br \/>K\u00fcchenutensilien<br \/>Wasserkocher<br \/>Waschmaschine<br \/>Geschirrsp\u00fcler<br \/>Mikrowelle<br \/>K\u00fchlschrank<br \/>Gefrierfach<\/p><p><strong>Schlafzimmer<\/strong><br \/>Bettw\u00e4sche<br \/>Flachbildfernseher<br \/>Kleiderschrank<br \/>Queen-Size-Betten<br \/><br \/><strong>Badezimmer<\/strong><br \/>Toilettenpapier<br \/>Handt\u00fccher<br \/>Zus\u00e4tzliches Badezimmer<br \/>Bidet<br \/>Zus\u00e4tzliche Toilette<br \/>Hausschuhe<br \/>Waage<br \/>Privates Badezimmer<br \/>WC<br \/>Haartrockner<br \/>Dusche<br \/>Shampoo &amp; Conditioner<br \/><strong><br \/><\/strong><strong>Wohnbereich<\/strong><br \/>Essbereich<br \/>Sofa<br \/>Sitzbereich<\/p>\t\t\t\t\t\t\t\t<\/div>\n\t\t\t\t<\/div>\n\t\t<div class=\"elementor-element elementor-element-2af478b e-con-full e-flex e-con e-child\" data-id=\"2af478b\" data-element_type=\"container\" data-e-type=\"container\">\n\t\t\t\t<div class=\"elementor-element elementor-element-249a987 elementor-widget elementor-widget-cs_text-editor\" data-id=\"249a987\" data-element_type=\"widget\" data-e-type=\"widget\" data-widget_type=\"cs_text-editor.default\">\n\t\t\t\t<div class=\"elementor-widget-container\">\n\t\t\t\t\t<p><strong>Medien &amp; Technologie<\/strong><br \/>Flachbild-Smart-TV<br \/>Satellitenkan\u00e4le<\/p><p><strong>Highlights der Villa<\/strong><br \/>Steckdose in Bettn\u00e4he<br \/>Ausziehbares Sofa<br \/>Kleiderst\u00e4nder<br \/>Moskitonetz<br \/>Fliesen-\/Marmorboden<br \/>Schalld\u00e4mmung<br \/>Privater Eingang<br \/>B\u00fcgeleisen &amp; B\u00fcgelbrett auf Anfrage<br \/>B\u00fcgeleisen auf Anfrage<\/p><p><strong>Barrierefreiheit<\/strong><br \/>Gesamte Wohneinheit ist rollstuhlgerecht<\/p><p><strong>Au\u00dfenbereich<\/strong><br \/>Gartenm\u00f6bel<br \/>Essbereich im Freien<br \/>Sonnenterrasse<br \/>Grill<br \/>Privater Pool<br \/>Grilleinrichtungen<br \/>Innenhof<br \/>Balkon<br \/>Terrasse<br \/>Garten<\/p><p><strong>Gemeinschaftsbereiche<br \/><\/strong>Gemeinschaftslounge \/ TV-Bereich<\/p><p><strong>Au\u00dfenpool<br \/><\/strong>Infinity-Pool<br \/>Pool mit Aussicht<br \/>Flacher Poolbereich<\/p><p><strong>Wellness<\/strong><br \/>Sonnenschirme<\/p>\t\t\t\t<\/div>\n\t\t\t\t<\/div>\n\t\t\t\t<\/div>\n\t\t<div class=\"elementor-element elementor-element-83bc6a0 e-con-full e-flex e-con e-child\" data-id=\"83bc6a0\" data-element_type=\"container\" data-e-type=\"container\">\n\t\t\t\t<div class=\"elementor-element elementor-element-6e7dbe8 elementor-widget elementor-widget-cs_text-editor\" data-id=\"6e7dbe8\" data-element_type=\"widget\" data-e-type=\"widget\" data-widget_type=\"cs_text-editor.default\">\n\t\t\t\t<div class=\"elementor-widget-container\">\n\t\t\t\t\t<p><strong>Parkm\u00f6glichkeiten<\/strong><br \/>Kostenlose Privatparkpl\u00e4tze stehen vor Ort zur Verf\u00fcgung (keine Reservierung erforderlich)<br \/>Parkservice<br \/><strong><br \/>Internet<\/strong><br \/>WLAN ist in den Zimmern verf\u00fcgbar und kostenfrei<\/p><p><strong>Au\u00dfenbereich &amp; Aussicht<\/strong><br \/>Stadtblick<br \/>Blick auf ein Wahrzeichen<br \/>Bergblick<br \/>Poolblick<br \/>Gartenblick<br \/>Meerblick<\/p><p><strong>Rezeptionsservice<\/strong><br \/>Express-Check-in\/-Check-out<br \/>Self-Check-in<\/p><p><strong>Reinigungsservice<\/strong><br \/>Reinigungsservice<\/p><p><strong>Sonstiges<\/strong><br \/>Ausgewiesener Raucherbereich<br \/>Klimaanlage<br \/>Nichtraucherunterkunft<br \/>Heizung<br \/>Schallisolierte Zimmer<br \/>Familienzimmer<br \/>Nichtraucherzimmer<\/p><p><strong>Sicherheit<\/strong><br \/>Video\u00fcberwachung au\u00dferhalb der Unterkunft<br \/>Zugang mit Schl\u00fcssel<\/p><p><strong>Gesprochene Sprachen<\/strong><br \/>Deutsch<br \/>Griechisch<br \/>Englisch<br \/>Russisch<\/p>\t\t\t\t<\/div>\n\t\t\t\t<\/div>\n\t\t\t\t<\/div>\n\t\t\t\t\t<\/div>\n\t\t\t\t<\/div>\n\t\t\t\t<\/div>\n\t\t","protected":false},"excerpt":{"rendered":"<p>Willkommen bei der Elysium Villas Hospitality! Beginnen Sie Ihren komfortablen Aufenthalt Wellness At Elysium Villas Unser Ziel ist es, Ihren Aufenthalt besonders und unvergesslich zu machen. Wir sind stolz darauf, hochwertige Unterk\u00fcnfte anzubieten und daf\u00fcr zu sorgen, dass sich unsere G\u00e4ste rundum wohlf\u00fchlen. Unser Anspruch geht \u00fcber das Erf\u00fcllen von Erwartungen hinaus \u2013 wir m\u00f6chten &#8230;<\/p>\n","protected":false},"author":1,"featured_media":0,"parent":0,"menu_order":0,"comment_status":"closed","ping_status":"closed","template":"template-wide-content.php","meta":{"ngg_post_thumbnail":0,"cozystay_single_page_hide_site_header":"","cozystay_single_page_site_header_source":"","cozystay_single_page_custom_site_header":"","cozystay_single_page_custom_sticky_site_header":"","cozystay_single_page_hide_page_title":"on","cozystay_single_page_header_section_size":"","cozystay_single_page_header_background_color":"","cozystay_single_page_header_background_position_x":"center","cozystay_single_page_header_background_position_y":"center","cozystay_single_page_header_background_size":"cover","cozystay_single_page_header_background_repeat":"off","cozystay_single_page_header_background_scroll":"on","cozystay_single_page_header_text_color":"","cozystay_single_page_header_show_breadcrumb":"","cozystay_single_page_site_footer_hide_main":"","cozystay_single_custom_site_footer_main_source":"","cozystay_single_custom_site_footer_main":"","cozystay_single_page_site_footer_hide_above":"","cozystay_single_custom_site_footer_above_source":"","cozystay_single_custom_site_footer_above":"","cozystay_single_page_site_footer_hide_instagram":"","cozystay_single_page_site_footer_hide_bottom":"","cozystay_single_custom_mobile_menu_source":"","cozystay_single_custom_mobile_menu":"","cozystay_single_custom_mobile_menu_animation":"","cozystay_single_custom_mobile_menu_width":"","cozystay_single_custom_mobile_menu_custom_width":375,"footnotes":""},"class_list":["post-3087","page","type-page","status-publish","hentry"],"yoast_head":"<!-- This site is optimized with the Yoast SEO plugin v27.4 - https:\/\/yoast.com\/product\/yoast-seo-wordpress\/ -->\n<title>Amenities - Elysium Villas<\/title>\n<meta name=\"robots\" content=\"index, follow, max-snippet:-1, max-image-preview:large, max-video-preview:-1\" \/>\n<link rel=\"canonical\" href=\"https:\/\/www.elysiumvillas.gr\/de\/amenities\/\" \/>\n<meta property=\"og:locale\" content=\"de_DE\" \/>\n<meta property=\"og:type\" content=\"article\" \/>\n<meta property=\"og:title\" content=\"Amenities - Elysium Villas\" \/>\n<meta property=\"og:description\" content=\"Willkommen bei der Elysium Villas Hospitality! Beginnen Sie Ihren komfortablen Aufenthalt Wellness At Elysium Villas Unser Ziel ist es, Ihren Aufenthalt besonders und unvergesslich zu machen. Wir sind stolz darauf, hochwertige Unterk\u00fcnfte anzubieten und daf\u00fcr zu sorgen, dass sich unsere G\u00e4ste rundum wohlf\u00fchlen. Unser Anspruch geht \u00fcber das Erf\u00fcllen von Erwartungen hinaus \u2013 wir m\u00f6chten ...\" \/>\n<meta property=\"og:url\" content=\"https:\/\/www.elysiumvillas.gr\/de\/amenities\/\" \/>\n<meta property=\"og:site_name\" content=\"Elysium Villas\" \/>\n<meta property=\"article:modified_time\" content=\"2026-01-19T21:19:21+00:00\" \/>\n<meta name=\"twitter:card\" content=\"summary_large_image\" \/>\n<meta name=\"twitter:label1\" content=\"Gesch\u00e4tzte Lesezeit\" \/>\n\t<meta name=\"twitter:data1\" content=\"1\u00a0Minute\" \/>\n<script type=\"application\/ld+json\" class=\"yoast-schema-graph\">{\"@context\":\"https:\\\/\\\/schema.org\",\"@graph\":[{\"@type\":\"WebPage\",\"@id\":\"https:\\\/\\\/www.elysiumvillas.gr\\\/de\\\/amenities\\\/\",\"url\":\"https:\\\/\\\/www.elysiumvillas.gr\\\/de\\\/amenities\\\/\",\"name\":\"Amenities - Elysium Villas\",\"isPartOf\":{\"@id\":\"https:\\\/\\\/www.elysiumvillas.gr\\\/de\\\/#website\"},\"datePublished\":\"2023-03-14T14:27:26+00:00\",\"dateModified\":\"2026-01-19T21:19:21+00:00\",\"breadcrumb\":{\"@id\":\"https:\\\/\\\/www.elysiumvillas.gr\\\/de\\\/amenities\\\/#breadcrumb\"},\"inLanguage\":\"de\",\"potentialAction\":[{\"@type\":\"ReadAction\",\"target\":[\"https:\\\/\\\/www.elysiumvillas.gr\\\/de\\\/amenities\\\/\"]}]},{\"@type\":\"BreadcrumbList\",\"@id\":\"https:\\\/\\\/www.elysiumvillas.gr\\\/de\\\/amenities\\\/#breadcrumb\",\"itemListElement\":[{\"@type\":\"ListItem\",\"position\":1,\"name\":\"Home\",\"item\":\"https:\\\/\\\/www.elysiumvillas.gr\\\/de\\\/\"},{\"@type\":\"ListItem\",\"position\":2,\"name\":\"Amenities\"}]},{\"@type\":\"WebSite\",\"@id\":\"https:\\\/\\\/www.elysiumvillas.gr\\\/de\\\/#website\",\"url\":\"https:\\\/\\\/www.elysiumvillas.gr\\\/de\\\/\",\"name\":\"Villa White Pearl\",\"description\":\"\",\"publisher\":{\"@id\":\"https:\\\/\\\/www.elysiumvillas.gr\\\/de\\\/#organization\"},\"potentialAction\":[{\"@type\":\"SearchAction\",\"target\":{\"@type\":\"EntryPoint\",\"urlTemplate\":\"https:\\\/\\\/www.elysiumvillas.gr\\\/de\\\/?s={search_term_string}\"},\"query-input\":{\"@type\":\"PropertyValueSpecification\",\"valueRequired\":true,\"valueName\":\"search_term_string\"}}],\"inLanguage\":\"de\"},{\"@type\":\"Organization\",\"@id\":\"https:\\\/\\\/www.elysiumvillas.gr\\\/de\\\/#organization\",\"name\":\"Villa White Pearl\",\"url\":\"https:\\\/\\\/www.elysiumvillas.gr\\\/de\\\/\",\"logo\":{\"@type\":\"ImageObject\",\"inLanguage\":\"de\",\"@id\":\"https:\\\/\\\/www.elysiumvillas.gr\\\/de\\\/#\\\/schema\\\/logo\\\/image\\\/\",\"url\":\"https:\\\/\\\/www.elysiumvillas.gr\\\/wp-content\\\/uploads\\\/2025\\\/12\\\/cropped-logo-scaled-1.png\",\"contentUrl\":\"https:\\\/\\\/www.elysiumvillas.gr\\\/wp-content\\\/uploads\\\/2025\\\/12\\\/cropped-logo-scaled-1.png\",\"width\":2560,\"height\":493,\"caption\":\"Villa White Pearl\"},\"image\":{\"@id\":\"https:\\\/\\\/www.elysiumvillas.gr\\\/de\\\/#\\\/schema\\\/logo\\\/image\\\/\"}}]}<\/script>\n<!-- \/ Yoast SEO plugin. -->","yoast_head_json":{"title":"Amenities - Elysium Villas","robots":{"index":"index","follow":"follow","max-snippet":"max-snippet:-1","max-image-preview":"max-image-preview:large","max-video-preview":"max-video-preview:-1"},"canonical":"https:\/\/www.elysiumvillas.gr\/de\/amenities\/","og_locale":"de_DE","og_type":"article","og_title":"Amenities - Elysium Villas","og_description":"Willkommen bei der Elysium Villas Hospitality! Beginnen Sie Ihren komfortablen Aufenthalt Wellness At Elysium Villas Unser Ziel ist es, Ihren Aufenthalt besonders und unvergesslich zu machen. Wir sind stolz darauf, hochwertige Unterk\u00fcnfte anzubieten und daf\u00fcr zu sorgen, dass sich unsere G\u00e4ste rundum wohlf\u00fchlen. Unser Anspruch geht \u00fcber das Erf\u00fcllen von Erwartungen hinaus \u2013 wir m\u00f6chten ...","og_url":"https:\/\/www.elysiumvillas.gr\/de\/amenities\/","og_site_name":"Elysium Villas","article_modified_time":"2026-01-19T21:19:21+00:00","twitter_card":"summary_large_image","twitter_misc":{"Gesch\u00e4tzte Lesezeit":"1\u00a0Minute"},"schema":{"@context":"https:\/\/schema.org","@graph":[{"@type":"WebPage","@id":"https:\/\/www.elysiumvillas.gr\/de\/amenities\/","url":"https:\/\/www.elysiumvillas.gr\/de\/amenities\/","name":"Amenities - Elysium Villas","isPartOf":{"@id":"https:\/\/www.elysiumvillas.gr\/de\/#website"},"datePublished":"2023-03-14T14:27:26+00:00","dateModified":"2026-01-19T21:19:21+00:00","breadcrumb":{"@id":"https:\/\/www.elysiumvillas.gr\/de\/amenities\/#breadcrumb"},"inLanguage":"de","potentialAction":[{"@type":"ReadAction","target":["https:\/\/www.elysiumvillas.gr\/de\/amenities\/"]}]},{"@type":"BreadcrumbList","@id":"https:\/\/www.elysiumvillas.gr\/de\/amenities\/#breadcrumb","itemListElement":[{"@type":"ListItem","position":1,"name":"Home","item":"https:\/\/www.elysiumvillas.gr\/de\/"},{"@type":"ListItem","position":2,"name":"Amenities"}]},{"@type":"WebSite","@id":"https:\/\/www.elysiumvillas.gr\/de\/#website","url":"https:\/\/www.elysiumvillas.gr\/de\/","name":"Villa White Pearl","description":"","publisher":{"@id":"https:\/\/www.elysiumvillas.gr\/de\/#organization"},"potentialAction":[{"@type":"SearchAction","target":{"@type":"EntryPoint","urlTemplate":"https:\/\/www.elysiumvillas.gr\/de\/?s={search_term_string}"},"query-input":{"@type":"PropertyValueSpecification","valueRequired":true,"valueName":"search_term_string"}}],"inLanguage":"de"},{"@type":"Organization","@id":"https:\/\/www.elysiumvillas.gr\/de\/#organization","name":"Villa White Pearl","url":"https:\/\/www.elysiumvillas.gr\/de\/","logo":{"@type":"ImageObject","inLanguage":"de","@id":"https:\/\/www.elysiumvillas.gr\/de\/#\/schema\/logo\/image\/","url":"https:\/\/www.elysiumvillas.gr\/wp-content\/uploads\/2025\/12\/cropped-logo-scaled-1.png","contentUrl":"https:\/\/www.elysiumvillas.gr\/wp-content\/uploads\/2025\/12\/cropped-logo-scaled-1.png","width":2560,"height":493,"caption":"Villa White Pearl"},"image":{"@id":"https:\/\/www.elysiumvillas.gr\/de\/#\/schema\/logo\/image\/"}}]}},"_links":{"self":[{"href":"https:\/\/www.elysiumvillas.gr\/de\/wp-json\/wp\/v2\/pages\/3087","targetHints":{"allow":["GET"]}}],"collection":[{"href":"https:\/\/www.elysiumvillas.gr\/de\/wp-json\/wp\/v2\/pages"}],"about":[{"href":"https:\/\/www.elysiumvillas.gr\/de\/wp-json\/wp\/v2\/types\/page"}],"author":[{"embeddable":true,"href":"https:\/\/www.elysiumvillas.gr\/de\/wp-json\/wp\/v2\/users\/1"}],"replies":[{"embeddable":true,"href":"https:\/\/www.elysiumvillas.gr\/de\/wp-json\/wp\/v2\/comments?post=3087"}],"version-history":[{"count":11,"href":"https:\/\/www.elysiumvillas.gr\/de\/wp-json\/wp\/v2\/pages\/3087\/revisions"}],"predecessor-version":[{"id":3132,"href":"https:\/\/www.elysiumvillas.gr\/de\/wp-json\/wp\/v2\/pages\/3087\/revisions\/3132"}],"wp:attachment":[{"href":"https:\/\/www.elysiumvillas.gr\/de\/wp-json\/wp\/v2\/media?parent=3087"}],"curies":[{"name":"wp","href":"https:\/\/api.w.org\/{rel}","templated":true}]}}