{"id":3199,"date":"2023-03-14T14:27:26","date_gmt":"2023-03-14T14:27:26","guid":{"rendered":"https:\/\/www.elysiumvillas.gr\/facilitati-camera\/"},"modified":"2026-01-20T13:02:17","modified_gmt":"2026-01-20T13:02:17","slug":"facilitati","status":"publish","type":"page","link":"https:\/\/www.elysiumvillas.gr\/ro\/facilitati\/","title":{"rendered":"Facilit\u0103\u021bi"},"content":{"rendered":"\t\t<div data-elementor-type=\"wp-page\" data-elementor-id=\"3199\" class=\"elementor elementor-3199 elementor-317\">\n\t\t\t\t\t\t<section class=\"elementor-section elementor-top-section elementor-element elementor-element-a97905d elementor-section-height-min-height cs-section-content-fullwidth cs-parallax-on-scroll cs_scroll_y_100 elementor-section-boxed elementor-section-height-default elementor-section-items-middle\" data-id=\"a97905d\" data-element_type=\"section\" data-e-type=\"section\" data-settings=\"{&quot;background_background&quot;:&quot;classic&quot;}\" data-cs-parallax-y=\"100\" style=\"background-image: none;\" data-cs-background-image=\"https:\/\/www.elysiumvillas.gr\/wp-content\/uploads\/2026\/01\/amenities.jpg\" data-cs-background-image-alt-text=\"\">\n\t\t\t\t\t\t\t<div class=\"elementor-background-overlay\"><\/div>\n\t\t\t\t\t\t\t<div class=\"elementor-container elementor-column-gap-no\">\n\t\t\t\t\t<div class=\"elementor-column elementor-col-100 elementor-top-column elementor-element elementor-element-de70886 dark-color\" data-id=\"de70886\" data-element_type=\"column\" data-e-type=\"column\" data-settings=\"{&quot;background_background&quot;:&quot;classic&quot;}\">\n\t\t\t<div class=\"elementor-widget-wrap elementor-element-populated\">\n\t\t\t\t\t\t<div class=\"elementor-element elementor-element-3eab04e elementor-widget elementor-widget-cs_title\" data-id=\"3eab04e\" data-element_type=\"widget\" data-e-type=\"widget\" data-widget_type=\"cs_title.default\">\n\t\t\t\t<div class=\"elementor-widget-container\">\n\t\t\t\t\t\n        <div class=\"cs-title-wrap text-center\">\t            <div class=\"cs-subtitle-wrap\"><span class=\"cs-subtitle color-white\">BINE A\u021aI VENIT LA<\/span><\/div>\t            <h1 class=\"cs-title\">\n\t                Ospitalitatea Elysium Villas!\t            <\/h1>\t            <div class=\"cs-title-text\">\n\t                <p>R\u0103sf\u0103\u021ba\u021bi-v\u0103 \u00een confortul vilelor Elysium<\/p>\t            <\/div>        <\/div>\t\t\t\t<\/div>\n\t\t\t\t<\/div>\n\t\t\t\t\t<\/div>\n\t\t<\/div>\n\t\t\t\t\t<\/div>\n\t\t<\/section>\n\t\t\t\t<section class=\"elementor-section elementor-top-section elementor-element elementor-element-3f60bf9b cs-section-content-fullwidth elementor-section-boxed elementor-section-height-default elementor-section-height-default\" data-id=\"3f60bf9b\" data-element_type=\"section\" data-e-type=\"section\" data-settings=\"{&quot;background_background&quot;:&quot;classic&quot;}\">\n\t\t\t\t\t\t<div class=\"elementor-container elementor-column-gap-no\">\n\t\t\t\t\t<div class=\"elementor-column elementor-col-100 elementor-top-column elementor-element elementor-element-680e38c8\" data-id=\"680e38c8\" data-element_type=\"column\" data-e-type=\"column\">\n\t\t\t<div class=\"elementor-widget-wrap elementor-element-populated\">\n\t\t\t\t\t\t<div class=\"elementor-element elementor-element-28867d45 elementor-widget elementor-widget-cs_title\" data-id=\"28867d45\" data-element_type=\"widget\" data-e-type=\"widget\" data-widget_type=\"cs_title.default\">\n\t\t\t\t<div class=\"elementor-widget-container\">\n\t\t\t\t\t\n        <div class=\"cs-title-wrap text-center\">\t            <h3 class=\"cs-title\">\n\t                Wellness la Elysium Villas\t            <\/h3>\t            <div class=\"cs-title-text\">\n\t                <p>Scopul nostru este s\u0103 facem \u0219ederea dumneavoastr\u0103 special\u0103 \u0219i memorabil\u0103. Ne m\u00e2ndrim cu oferirea unor unit\u0103\u021bi de cazare de calitate \u0219i cu asigurarea confortului oaspe\u021bilor no\u0219tri. Dorim nu doar s\u0103 v\u0103 \u00eendeplinim a\u0219tept\u0103rile, ci s\u0103 cre\u0103m amintiri minunate care s\u0103 v\u0103 \u00eenso\u021beasc\u0103 pentru totdeauna.<\/p><p>Fie c\u0103 sunte\u021bi \u00een c\u0103utarea unui refugiu lini\u0219tit sau a unei aventuri interesante, suntem aici pentru a ne asigura c\u0103 \u0219ederea dumneavoastr\u0103 este excep\u021bional\u0103. A\u0219tept\u0103m cu ner\u0103bdare s\u0103 v\u0103 \u00eent\u00e2mpin\u0103m la Elysium Villas.<\/p>\t            <\/div>        <\/div>\t\t\t\t<\/div>\n\t\t\t\t<\/div>\n\t\t\t\t\t<\/div>\n\t\t<\/div>\n\t\t\t\t\t<\/div>\n\t\t<\/section>\n\t\t<div class=\"elementor-element elementor-element-cdfb11d e-flex e-con-boxed e-con e-parent\" data-id=\"cdfb11d\" data-element_type=\"container\" data-e-type=\"container\">\n\t\t\t\t\t<div class=\"e-con-inner\">\n\t\t<div class=\"elementor-element elementor-element-cd86574 e-con-full e-flex e-con e-child\" data-id=\"cd86574\" data-element_type=\"container\" data-e-type=\"container\">\n\t\t\t\t<div class=\"elementor-element elementor-element-4aec686 elementor-widget elementor-widget-text-editor\" data-id=\"4aec686\" data-element_type=\"widget\" data-e-type=\"widget\" data-widget_type=\"text-editor.default\">\n\t\t\t\t\t\t\t\t\t<p><strong>Buc\u0103t\u0103rie<\/strong><br>Scaun \u00eenalt pentru copii la cerere<br>Mas\u0103 de luat masa<br>Aparat Nespresso<br>Capsule nespresso gratuite<br>Produse de cur\u0103\u021bare<br>Toaster<br>Aragaz<br>Producator de sucuri<br>Ustensile de buc\u0103t\u0103rie<br>Ceainic electric<br>Buc\u0103t\u0103rie<br>Ma\u0219in\u0103 de sp\u0103lat<br>Ma\u0219in\u0103 de sp\u0103lat vase<br>Cuptor cu microunde<br>Frigider<br>Congelator<br><strong><br>Dormitor<\/strong><br>Lenjerie de pat<br>TV cu ecran plat<br>Dulap \u0219i garderob\u0103<br>Paturi queen-size<br><strong><br>Baie<\/strong><br>H\u00e2rtie igienic\u0103<br>Prosoape<br>Baie suplimentar\u0103<br>Bidet<br>Toalet\u0103 suplimentar\u0103<br>Papuci de cas\u0103<br>Balan\u021b\u0103<br>Baie privat\u0103<br>Toalet\u0103<br>Usc\u0103tor de p\u0103r<br>Du\u0219<br>\u0218ampon \u0219i balsam<br><strong><br>Zon\u0103 de zi<\/strong><br>Zon\u0103 de luat masa<br>Canapea<br>Zon\u0103 de relaxare<\/p>\t\t\t\t\t\t\t\t<\/div>\n\t\t\t\t<\/div>\n\t\t<div class=\"elementor-element elementor-element-2af478b e-con-full e-flex e-con e-child\" data-id=\"2af478b\" data-element_type=\"container\" data-e-type=\"container\">\n\t\t\t\t<div class=\"elementor-element elementor-element-249a987 elementor-widget elementor-widget-cs_text-editor\" data-id=\"249a987\" data-element_type=\"widget\" data-e-type=\"widget\" data-widget_type=\"cs_text-editor.default\">\n\t\t\t\t<div class=\"elementor-widget-container\">\n\t\t\t\t\t<p><strong>Media &amp; Tehnologie<\/strong><br \/>Smart TV cu ecran plat<br \/>Canale prin satelit<\/p><p><strong>Dot\u0103ri ale vilei<\/strong><br \/>Priz\u0103 l\u00e2ng\u0103 pat<br \/>Canapea extensibil\u0103<br \/>Suport pentru haine<br \/>Plas\u0103 de \u021b\u00e2n\u021bari<br \/>Pardoseal\u0103 din gresie\/marmur\u0103<br \/>Izolare fonic\u0103<br \/>Intrare privat\u0103<br \/>Facilit\u0103\u021bi de c\u0103lcat, la cerere<br \/>Fier de c\u0103lcat, la cerere<\/p><p><strong>Accesibilitate<\/strong><br \/>\u00centreaga unitate este accesibil\u0103 pentru scaune cu rotile<\/p><p><strong>Spa\u021bii exterioare<\/strong><br \/>Mobilier de exterior<br \/>Zon\u0103 de luat masa \u00een aer liber<br \/>Teras\u0103 la soare<br \/>Gr\u0103tar<br \/>Piscin\u0103 privat\u0103<br \/>Facilit\u0103\u021bi BBQ<br \/>Curte interioar\u0103<br \/>Balcon<br \/>Teras\u0103<br \/>Gr\u0103din\u0103<\/p><p><strong>Zone commune<\/strong><br \/>Lounge comun \/ zon\u0103 TV<\/p><p><strong>Piscin\u0103 exterioar\u0103<\/strong><br \/>Piscin\u0103 infinity<br \/>Piscin\u0103 cu vedere<br \/>Zon\u0103 pu\u021bin ad\u00e2nc\u0103<\/p><p><strong>Wellness<\/strong><br \/>Umbrele de soare<\/p>\t\t\t\t<\/div>\n\t\t\t\t<\/div>\n\t\t\t\t<\/div>\n\t\t<div class=\"elementor-element elementor-element-83bc6a0 e-con-full e-flex e-con e-child\" data-id=\"83bc6a0\" data-element_type=\"container\" data-e-type=\"container\">\n\t\t\t\t<div class=\"elementor-element elementor-element-6e7dbe8 elementor-widget elementor-widget-cs_text-editor\" data-id=\"6e7dbe8\" data-element_type=\"widget\" data-e-type=\"widget\" data-widget_type=\"cs_text-editor.default\">\n\t\t\t\t<div class=\"elementor-widget-container\">\n\t\t\t\t\t<p><strong>Parcare<\/strong><br \/>Parcare privat\u0103 gratuit\u0103 disponibil\u0103 la proprietate (nu este necesar\u0103 rezervare)<br \/>Serviciu valet<br \/><strong><br \/>Internet<\/strong><br \/>Wi-Fi este disponibil \u00een camere \u0219i este gratuit<\/p><p><strong>Exterior &amp; Vedere<\/strong><br \/>Vedere la ora\u0219<br \/>Vedere c\u0103tre un punct de reper<br \/>Vedere la munte<br \/>Vedere la piscin\u0103<br \/>Vedere la gr\u0103din\u0103<br \/>Vedere la mare<\/p><p><strong>Servicii de recep\u021bie<\/strong><br \/>Check-in \/ check-out expres<br \/>Self check-in<\/p><p><strong>Servicii de cur\u0103\u021benie<\/strong><br \/>Serviciu de menaj<\/p><p><strong>Diverse<\/strong><br \/>Zon\u0103 special amenajat\u0103 pentru fumat<br \/>Aer condi\u021bionat<br \/>Fumatul interzis \u00een toate spa\u021biile<br \/>\u00cenc\u0103lzire<br \/>Camere izolate fonic<br \/>Camere de familie<br \/>Camere pentru nefum\u0103tori<\/p><p><strong>Siguran\u021b\u0103 &amp; Securitate<\/strong><br \/>Camere de supraveghere \u00een exterior<br \/>Acces cu cheie<\/p><p><strong>Limbi vorbite<\/strong><br \/>German\u0103<br \/>Greac\u0103<br \/>Englez\u0103<br \/>Rus\u0103<\/p>\t\t\t\t<\/div>\n\t\t\t\t<\/div>\n\t\t\t\t<\/div>\n\t\t\t\t\t<\/div>\n\t\t\t\t<\/div>\n\t\t\t\t<\/div>\n\t\t","protected":false},"excerpt":{"rendered":"<p>BINE A\u021aI VENIT LA Ospitalitatea Elysium Villas! R\u0103sf\u0103\u021ba\u021bi-v\u0103 \u00een confortul vilelor Elysium Wellness la Elysium Villas Scopul nostru este s\u0103 facem \u0219ederea dumneavoastr\u0103 special\u0103 \u0219i memorabil\u0103. Ne m\u00e2ndrim cu oferirea unor unit\u0103\u021bi de cazare de calitate \u0219i cu asigurarea confortului oaspe\u021bilor no\u0219tri. Dorim nu doar s\u0103 v\u0103 \u00eendeplinim a\u0219tept\u0103rile, ci s\u0103 cre\u0103m amintiri minunate care &#8230;<\/p>\n","protected":false},"author":1,"featured_media":0,"parent":0,"menu_order":0,"comment_status":"closed","ping_status":"closed","template":"template-wide-content.php","meta":{"ngg_post_thumbnail":0,"cozystay_single_page_hide_site_header":"","cozystay_single_page_site_header_source":"","cozystay_single_page_custom_site_header":"","cozystay_single_page_custom_sticky_site_header":"","cozystay_single_page_hide_page_title":"on","cozystay_single_page_header_section_size":"","cozystay_single_page_header_background_color":"","cozystay_single_page_header_background_position_x":"center","cozystay_single_page_header_background_position_y":"center","cozystay_single_page_header_background_size":"cover","cozystay_single_page_header_background_repeat":"off","cozystay_single_page_header_background_scroll":"on","cozystay_single_page_header_text_color":"","cozystay_single_page_header_show_breadcrumb":"","cozystay_single_page_site_footer_hide_main":"","cozystay_single_custom_site_footer_main_source":"","cozystay_single_custom_site_footer_main":"","cozystay_single_page_site_footer_hide_above":"","cozystay_single_custom_site_footer_above_source":"","cozystay_single_custom_site_footer_above":"","cozystay_single_page_site_footer_hide_instagram":"","cozystay_single_page_site_footer_hide_bottom":"","cozystay_single_custom_mobile_menu_source":"","cozystay_single_custom_mobile_menu":"","cozystay_single_custom_mobile_menu_animation":"","cozystay_single_custom_mobile_menu_width":"","cozystay_single_custom_mobile_menu_custom_width":375,"footnotes":""},"class_list":["post-3199","page","type-page","status-publish","hentry"],"yoast_head":"<!-- This site is optimized with the Yoast SEO plugin v27.4 - https:\/\/yoast.com\/product\/yoast-seo-wordpress\/ -->\n<title>Facilit\u0103\u021bi - Elysium Villas<\/title>\n<meta name=\"robots\" content=\"index, follow, max-snippet:-1, max-image-preview:large, max-video-preview:-1\" \/>\n<link rel=\"canonical\" href=\"https:\/\/www.elysiumvillas.gr\/ro\/facilitati\/\" \/>\n<meta property=\"og:locale\" content=\"ro_RO\" \/>\n<meta property=\"og:type\" content=\"article\" \/>\n<meta property=\"og:title\" content=\"Facilit\u0103\u021bi - Elysium Villas\" \/>\n<meta property=\"og:description\" content=\"BINE A\u021aI VENIT LA Ospitalitatea Elysium Villas! R\u0103sf\u0103\u021ba\u021bi-v\u0103 \u00een confortul vilelor Elysium Wellness la Elysium Villas Scopul nostru este s\u0103 facem \u0219ederea dumneavoastr\u0103 special\u0103 \u0219i memorabil\u0103. Ne m\u00e2ndrim cu oferirea unor unit\u0103\u021bi de cazare de calitate \u0219i cu asigurarea confortului oaspe\u021bilor no\u0219tri. Dorim nu doar s\u0103 v\u0103 \u00eendeplinim a\u0219tept\u0103rile, ci s\u0103 cre\u0103m amintiri minunate care ...\" \/>\n<meta property=\"og:url\" content=\"https:\/\/www.elysiumvillas.gr\/ro\/facilitati\/\" \/>\n<meta property=\"og:site_name\" content=\"Elysium Villas\" \/>\n<meta property=\"article:modified_time\" content=\"2026-01-20T13:02:17+00:00\" \/>\n<meta name=\"twitter:card\" content=\"summary_large_image\" \/>\n<meta name=\"twitter:label1\" content=\"Timp estimat pentru citire\" \/>\n\t<meta name=\"twitter:data1\" content=\"2 minute\" \/>\n<script type=\"application\/ld+json\" class=\"yoast-schema-graph\">{\"@context\":\"https:\\\/\\\/schema.org\",\"@graph\":[{\"@type\":\"WebPage\",\"@id\":\"https:\\\/\\\/www.elysiumvillas.gr\\\/ro\\\/facilitati\\\/\",\"url\":\"https:\\\/\\\/www.elysiumvillas.gr\\\/ro\\\/facilitati\\\/\",\"name\":\"Facilit\u0103\u021bi - Elysium Villas\",\"isPartOf\":{\"@id\":\"https:\\\/\\\/www.elysiumvillas.gr\\\/ro\\\/#website\"},\"datePublished\":\"2023-03-14T14:27:26+00:00\",\"dateModified\":\"2026-01-20T13:02:17+00:00\",\"breadcrumb\":{\"@id\":\"https:\\\/\\\/www.elysiumvillas.gr\\\/ro\\\/facilitati\\\/#breadcrumb\"},\"inLanguage\":\"ro-RO\",\"potentialAction\":[{\"@type\":\"ReadAction\",\"target\":[\"https:\\\/\\\/www.elysiumvillas.gr\\\/ro\\\/facilitati\\\/\"]}]},{\"@type\":\"BreadcrumbList\",\"@id\":\"https:\\\/\\\/www.elysiumvillas.gr\\\/ro\\\/facilitati\\\/#breadcrumb\",\"itemListElement\":[{\"@type\":\"ListItem\",\"position\":1,\"name\":\"Home\",\"item\":\"https:\\\/\\\/www.elysiumvillas.gr\\\/ro\\\/\"},{\"@type\":\"ListItem\",\"position\":2,\"name\":\"Facilit\u0103\u021bi\"}]},{\"@type\":\"WebSite\",\"@id\":\"https:\\\/\\\/www.elysiumvillas.gr\\\/ro\\\/#website\",\"url\":\"https:\\\/\\\/www.elysiumvillas.gr\\\/ro\\\/\",\"name\":\"Villa White Pearl\",\"description\":\"\",\"publisher\":{\"@id\":\"https:\\\/\\\/www.elysiumvillas.gr\\\/ro\\\/#organization\"},\"potentialAction\":[{\"@type\":\"SearchAction\",\"target\":{\"@type\":\"EntryPoint\",\"urlTemplate\":\"https:\\\/\\\/www.elysiumvillas.gr\\\/ro\\\/?s={search_term_string}\"},\"query-input\":{\"@type\":\"PropertyValueSpecification\",\"valueRequired\":true,\"valueName\":\"search_term_string\"}}],\"inLanguage\":\"ro-RO\"},{\"@type\":\"Organization\",\"@id\":\"https:\\\/\\\/www.elysiumvillas.gr\\\/ro\\\/#organization\",\"name\":\"Villa White Pearl\",\"url\":\"https:\\\/\\\/www.elysiumvillas.gr\\\/ro\\\/\",\"logo\":{\"@type\":\"ImageObject\",\"inLanguage\":\"ro-RO\",\"@id\":\"https:\\\/\\\/www.elysiumvillas.gr\\\/ro\\\/#\\\/schema\\\/logo\\\/image\\\/\",\"url\":\"https:\\\/\\\/www.elysiumvillas.gr\\\/wp-content\\\/uploads\\\/2025\\\/12\\\/cropped-logo-scaled-1.png\",\"contentUrl\":\"https:\\\/\\\/www.elysiumvillas.gr\\\/wp-content\\\/uploads\\\/2025\\\/12\\\/cropped-logo-scaled-1.png\",\"width\":2560,\"height\":493,\"caption\":\"Villa White Pearl\"},\"image\":{\"@id\":\"https:\\\/\\\/www.elysiumvillas.gr\\\/ro\\\/#\\\/schema\\\/logo\\\/image\\\/\"}}]}<\/script>\n<!-- \/ Yoast SEO plugin. -->","yoast_head_json":{"title":"Facilit\u0103\u021bi - Elysium Villas","robots":{"index":"index","follow":"follow","max-snippet":"max-snippet:-1","max-image-preview":"max-image-preview:large","max-video-preview":"max-video-preview:-1"},"canonical":"https:\/\/www.elysiumvillas.gr\/ro\/facilitati\/","og_locale":"ro_RO","og_type":"article","og_title":"Facilit\u0103\u021bi - Elysium Villas","og_description":"BINE A\u021aI VENIT LA Ospitalitatea Elysium Villas! R\u0103sf\u0103\u021ba\u021bi-v\u0103 \u00een confortul vilelor Elysium Wellness la Elysium Villas Scopul nostru este s\u0103 facem \u0219ederea dumneavoastr\u0103 special\u0103 \u0219i memorabil\u0103. Ne m\u00e2ndrim cu oferirea unor unit\u0103\u021bi de cazare de calitate \u0219i cu asigurarea confortului oaspe\u021bilor no\u0219tri. Dorim nu doar s\u0103 v\u0103 \u00eendeplinim a\u0219tept\u0103rile, ci s\u0103 cre\u0103m amintiri minunate care ...","og_url":"https:\/\/www.elysiumvillas.gr\/ro\/facilitati\/","og_site_name":"Elysium Villas","article_modified_time":"2026-01-20T13:02:17+00:00","twitter_card":"summary_large_image","twitter_misc":{"Timp estimat pentru citire":"2 minute"},"schema":{"@context":"https:\/\/schema.org","@graph":[{"@type":"WebPage","@id":"https:\/\/www.elysiumvillas.gr\/ro\/facilitati\/","url":"https:\/\/www.elysiumvillas.gr\/ro\/facilitati\/","name":"Facilit\u0103\u021bi - Elysium Villas","isPartOf":{"@id":"https:\/\/www.elysiumvillas.gr\/ro\/#website"},"datePublished":"2023-03-14T14:27:26+00:00","dateModified":"2026-01-20T13:02:17+00:00","breadcrumb":{"@id":"https:\/\/www.elysiumvillas.gr\/ro\/facilitati\/#breadcrumb"},"inLanguage":"ro-RO","potentialAction":[{"@type":"ReadAction","target":["https:\/\/www.elysiumvillas.gr\/ro\/facilitati\/"]}]},{"@type":"BreadcrumbList","@id":"https:\/\/www.elysiumvillas.gr\/ro\/facilitati\/#breadcrumb","itemListElement":[{"@type":"ListItem","position":1,"name":"Home","item":"https:\/\/www.elysiumvillas.gr\/ro\/"},{"@type":"ListItem","position":2,"name":"Facilit\u0103\u021bi"}]},{"@type":"WebSite","@id":"https:\/\/www.elysiumvillas.gr\/ro\/#website","url":"https:\/\/www.elysiumvillas.gr\/ro\/","name":"Villa White Pearl","description":"","publisher":{"@id":"https:\/\/www.elysiumvillas.gr\/ro\/#organization"},"potentialAction":[{"@type":"SearchAction","target":{"@type":"EntryPoint","urlTemplate":"https:\/\/www.elysiumvillas.gr\/ro\/?s={search_term_string}"},"query-input":{"@type":"PropertyValueSpecification","valueRequired":true,"valueName":"search_term_string"}}],"inLanguage":"ro-RO"},{"@type":"Organization","@id":"https:\/\/www.elysiumvillas.gr\/ro\/#organization","name":"Villa White Pearl","url":"https:\/\/www.elysiumvillas.gr\/ro\/","logo":{"@type":"ImageObject","inLanguage":"ro-RO","@id":"https:\/\/www.elysiumvillas.gr\/ro\/#\/schema\/logo\/image\/","url":"https:\/\/www.elysiumvillas.gr\/wp-content\/uploads\/2025\/12\/cropped-logo-scaled-1.png","contentUrl":"https:\/\/www.elysiumvillas.gr\/wp-content\/uploads\/2025\/12\/cropped-logo-scaled-1.png","width":2560,"height":493,"caption":"Villa White Pearl"},"image":{"@id":"https:\/\/www.elysiumvillas.gr\/ro\/#\/schema\/logo\/image\/"}}]}},"_links":{"self":[{"href":"https:\/\/www.elysiumvillas.gr\/ro\/wp-json\/wp\/v2\/pages\/3199","targetHints":{"allow":["GET"]}}],"collection":[{"href":"https:\/\/www.elysiumvillas.gr\/ro\/wp-json\/wp\/v2\/pages"}],"about":[{"href":"https:\/\/www.elysiumvillas.gr\/ro\/wp-json\/wp\/v2\/types\/page"}],"author":[{"embeddable":true,"href":"https:\/\/www.elysiumvillas.gr\/ro\/wp-json\/wp\/v2\/users\/1"}],"replies":[{"embeddable":true,"href":"https:\/\/www.elysiumvillas.gr\/ro\/wp-json\/wp\/v2\/comments?post=3199"}],"version-history":[{"count":9,"href":"https:\/\/www.elysiumvillas.gr\/ro\/wp-json\/wp\/v2\/pages\/3199\/revisions"}],"predecessor-version":[{"id":3343,"href":"https:\/\/www.elysiumvillas.gr\/ro\/wp-json\/wp\/v2\/pages\/3199\/revisions\/3343"}],"wp:attachment":[{"href":"https:\/\/www.elysiumvillas.gr\/ro\/wp-json\/wp\/v2\/media?parent=3199"}],"curies":[{"name":"wp","href":"https:\/\/api.w.org\/{rel}","templated":true}]}}